{"id":248,"date":"2019-06-24T14:03:49","date_gmt":"2019-06-24T11:03:49","guid":{"rendered":"https:\/\/keila.dev.modify.fi\/?page_id=248"},"modified":"2025-01-03T16:18:40","modified_gmt":"2025-01-03T14:18:40","slug":"hinnasto","status":"publish","type":"page","link":"https:\/\/keila.dev.modify.fi\/?page_id=248","title":{"rendered":"Hinnasto"},"content":{"rendered":"<p>[et_pb_section fb_built=&#8221;1&#8243; fullwidth=&#8221;on&#8221; _builder_version=&#8221;4.16&#8243; global_colors_info=&#8221;{}&#8221;][\/et_pb_section][et_pb_section fb_built=&#8221;1&#8243; _builder_version=&#8221;4.16&#8243; global_colors_info=&#8221;{}&#8221;][et_pb_row _builder_version=&#8221;4.16&#8243; global_colors_info=&#8221;{}&#8221;][et_pb_column type=&#8221;4_4&#8243; _builder_version=&#8221;4.16&#8243; custom_padding=&#8221;|||&#8221; global_colors_info=&#8221;{}&#8221; custom_padding__hover=&#8221;|||&#8221;][et_pb_text _builder_version=&#8221;4.16&#8243; header_font=&#8221;Alegreya Sans||||||||&#8221; inline_fonts=&#8221;Anton&#8221; global_colors_info=&#8221;{}&#8221;]<\/p>\n<h1>Ratamaksut<\/h1>\n<p>[\/et_pb_text][et_pb_text _builder_version=&#8221;4.27.4&#8243; hover_enabled=&#8221;0&#8243; global_colors_info=&#8221;{}&#8221; sticky_enabled=&#8221;0&#8243;]<\/p>\n<table style=\"width: 404px; height: 148px;\">\n<tbody>\n<tr style=\"height: 47px;\">\n<th style=\"width: 123.271px; height: 47px;\">\u00a0<\/th>\n<th style=\"width: 80.625px; height: 47px;\">Normaali hinta<\/th>\n<th style=\"width: 180.771px; height: 47px;\">Opiskelijat \/ el\u00e4kel\u00e4iset \/ koululaiset<\/th>\n<\/tr>\n<tr style=\"height: 23px;\">\n<td style=\"width: 123.271px; height: 23px;\">Keilaus rata\/tunti<\/td>\n<td style=\"width: 80.625px; text-align: center; height: 23px;\">26 \u20ac<\/td>\n<td style=\"width: 180.771px; text-align: center; height: 23px;\">20 \u20ac<\/td>\n<\/tr>\n<tr style=\"height: 47px;\">\n<td style=\"width: 123.271px; height: 47px;\">Hohtokeilaus rata\/tunti<\/td>\n<td style=\"width: 80.625px; text-align: center; height: 47px;\">32 \u20ac<\/td>\n<td style=\"width: 180.771px; text-align: center; height: 47px;\">32 \u20ac<\/td>\n<\/tr>\n<tr style=\"height: 31px;\">\n<td style=\"width: 123.271px; height: 31px;\">Kenk\u00e4vuokra per asiakas<\/td>\n<td style=\"width: 80.625px; text-align: center; height: 31px;\">2 \u20ac<\/td>\n<td style=\"width: 180.771px; text-align: center; height: 31px;\">2 \u20ac<\/td>\n<\/tr>\n<\/tbody>\n<\/table>\n<h4><strong>Opiskelija-, el\u00e4kel\u00e4is- ja koululaisalennukset voimassa arkisin. Opiskelija-alennus voimassa olevaa opiskelijakorttia n\u00e4ytt\u00e4m\u00e4ll\u00e4.<\/strong><\/h4>\n<h4>Suositus 2-4 hl\u00f6 \/ rata.<\/h4>\n<h4>Hyv\u00e4ksymme maksuv\u00e4lineen\u00e4 my\u00f6s Smartumin liikuntasetelit sek\u00e4 Smartum-kortti, Tyky-kuntosetelit, Virike-etusetelit ja E-passin.<\/h4>\n<table>\n<tbody>\n<tr>\n<th>Aulapeli<\/th>\n<th>Hinta<\/th>\n<\/tr>\n<tr>\n<td>Full Swing -golfsimulaattori<\/td>\n<td>\u00a0 \u00a0 \u00a0 \u00a0 \u00a0 \u00a0 \u00a0 \u00a0 20 \u20ac \/ tunti<\/td>\n<\/tr>\n<tr>\n<td>Biljardi(snooker)<\/td>\n<td>\u00a0 \u00a0 \u00a0 \u00a0 \u00a0 \u00a0 \u00a0 \u00a0 13 \u20ac (16 \u20ac) \/ tunti<\/td>\n<\/tr>\n<tr>\n<td>Shuffleboard<\/td>\n<td>\u00a0 \u00a0 \u00a0 \u00a0 \u00a0 \u00a0 \u00a0 \u00a0 13 \u20ac \/ tunti<\/td>\n<\/tr>\n<tr>\n<td>Ilmakiekko<\/td>\n<td>\u00a0 \u00a0 \u00a0 \u00a0 \u00a0 \u00a0 \u00a0 \u00a0 13 \u20ac \/ tunti<\/td>\n<\/tr>\n<tr>\n<td>Kuplal\u00e4tk\u00e4<\/td>\n<td>\u00a0 \u00a0 \u00a0 \u00a0 \u00a0 \u00a0 \u00a0 \u00a0 13 \u20ac \/ tunti<\/td>\n<\/tr>\n<tr>\n<td>Nurmikeilailu<\/td>\n<td>\u00a0 \u00a0 \u00a0 \u00a0 \u00a0 \u00a0 \u00a0 \u00a0 13 \u20ac \/ tunti<\/td>\n<\/tr>\n<tr>\n<td>Darts<\/td>\n<td>\u00a0 \u00a0 \u00a0 \u00a0 \u00a0 \u00a0 \u00a0 \u00a0 \u00a0 ilmainen<\/td>\n<\/tr>\n<tr>\n<td>Minigolf<\/td>\n<td>9 \u20ac aik. \/ 6 \u20ac alle 16-v. per kierros<\/td>\n<\/tr>\n<tr>\n<td>\u00a0<\/td>\n<td>perhelippu 22 \u20ac (sis. 2 aik. &amp; 2 lasta)<\/td>\n<\/tr>\n<\/tbody>\n<\/table>\n<h4>Kaikki aulapelit veloitetaan pelattujen minuuttien mukaisesti. Poikkeuksena minigolf, joka veloitetaan kertamaksuna per kierros.<\/h4>\n<p>[\/et_pb_text][\/et_pb_column][\/et_pb_row][\/et_pb_section]<\/p>\n","protected":false},"excerpt":{"rendered":"<p>Ratamaksut \u00a0 Normaali hinta Opiskelijat \/ el\u00e4kel\u00e4iset \/ koululaiset Keilaus rata\/tunti 26 \u20ac 20 \u20ac Hohtokeilaus rata\/tunti 32 \u20ac 32 \u20ac Kenk\u00e4vuokra per asiakas 2 \u20ac 2 \u20ac Opiskelija-, el\u00e4kel\u00e4is- ja koululaisalennukset voimassa arkisin. Opiskelija-alennus voimassa olevaa opiskelijakorttia n\u00e4ytt\u00e4m\u00e4ll\u00e4. Suositus 2-4 hl\u00f6 \/ rata. Hyv\u00e4ksymme maksuv\u00e4lineen\u00e4 my\u00f6s Smartumin liikuntasetelit sek\u00e4 Smartum-kortti, Tyky-kuntosetelit, Virike-etusetelit ja E-passin. [&hellip;]<\/p>\n","protected":false},"author":1,"featured_media":0,"parent":0,"menu_order":0,"comment_status":"closed","ping_status":"closed","template":"","meta":{"_et_pb_use_builder":"on","_et_pb_old_content":"","_et_gb_content_width":"","footnotes":""},"class_list":["post-248","page","type-page","status-publish","hentry"],"yoast_head":"<!-- This site is optimized with the Yoast SEO plugin v26.2 - https:\/\/yoast.com\/wordpress\/plugins\/seo\/ -->\n<title>Valkeakosken Keilahalli - Hohtokeilaus, baari, biljardi, shuffleboard<\/title>\n<meta name=\"description\" content=\"Valkeakosken Keilahallista eli Walhallista l\u00f6yd\u00e4t t\u00e4ysin remontoidut keilaradat, hohtokeilauksen, baarin ja biljardin. Meill\u00e4 my\u00f6s shuffleboard.\" \/>\n<meta name=\"robots\" content=\"index, follow, max-snippet:-1, max-image-preview:large, max-video-preview:-1\" \/>\n<link rel=\"canonical\" href=\"https:\/\/keila.dev.modify.fi\/?page_id=248\" \/>\n<meta property=\"og:locale\" content=\"fi_FI\" \/>\n<meta property=\"og:type\" content=\"article\" \/>\n<meta property=\"og:title\" content=\"Valkeakosken Keilahalli - Hohtokeilaus, baari, biljardi, shuffleboard\" \/>\n<meta property=\"og:description\" content=\"Valkeakosken Keilahallista eli Walhallista l\u00f6yd\u00e4t t\u00e4ysin remontoidut keilaradat, hohtokeilauksen, baarin ja biljardin. Meill\u00e4 my\u00f6s shuffleboard.\" \/>\n<meta property=\"og:url\" content=\"https:\/\/keila.dev.modify.fi\/?page_id=248\" \/>\n<meta property=\"og:site_name\" content=\"Valkeakosken Keilahalli\" \/>\n<meta property=\"article:modified_time\" content=\"2025-01-03T14:18:40+00:00\" \/>\n<meta name=\"twitter:card\" content=\"summary_large_image\" \/>\n<meta name=\"twitter:label1\" content=\"Arvioitu lukuaika\" \/>\n\t<meta name=\"twitter:data1\" content=\"1 minuutti\" \/>\n<script type=\"application\/ld+json\" class=\"yoast-schema-graph\">{\"@context\":\"https:\/\/schema.org\",\"@graph\":[{\"@type\":\"WebPage\",\"@id\":\"https:\/\/keila.dev.modify.fi\/?page_id=248\",\"url\":\"https:\/\/keila.dev.modify.fi\/?page_id=248\",\"name\":\"Valkeakosken Keilahalli - Hohtokeilaus, baari, biljardi, shuffleboard\",\"isPartOf\":{\"@id\":\"https:\/\/keila.dev.modify.fi\/#website\"},\"datePublished\":\"2019-06-24T11:03:49+00:00\",\"dateModified\":\"2025-01-03T14:18:40+00:00\",\"description\":\"Valkeakosken Keilahallista eli Walhallista l\u00f6yd\u00e4t t\u00e4ysin remontoidut keilaradat, hohtokeilauksen, baarin ja biljardin. Meill\u00e4 my\u00f6s shuffleboard.\",\"breadcrumb\":{\"@id\":\"https:\/\/keila.dev.modify.fi\/?page_id=248#breadcrumb\"},\"inLanguage\":\"fi\",\"potentialAction\":[{\"@type\":\"ReadAction\",\"target\":[\"https:\/\/keila.dev.modify.fi\/?page_id=248\"]}]},{\"@type\":\"BreadcrumbList\",\"@id\":\"https:\/\/keila.dev.modify.fi\/?page_id=248#breadcrumb\",\"itemListElement\":[{\"@type\":\"ListItem\",\"position\":1,\"name\":\"Home\",\"item\":\"https:\/\/keila.dev.modify.fi\/\"},{\"@type\":\"ListItem\",\"position\":2,\"name\":\"Hinnasto\"}]},{\"@type\":\"WebSite\",\"@id\":\"https:\/\/keila.dev.modify.fi\/#website\",\"url\":\"https:\/\/keila.dev.modify.fi\/\",\"name\":\"Valkeakosken Keilahalli\",\"description\":\"Hohtokeilaus, baari, biljardi\",\"publisher\":{\"@id\":\"https:\/\/keila.dev.modify.fi\/#organization\"},\"potentialAction\":[{\"@type\":\"SearchAction\",\"target\":{\"@type\":\"EntryPoint\",\"urlTemplate\":\"https:\/\/keila.dev.modify.fi\/?s={search_term_string}\"},\"query-input\":{\"@type\":\"PropertyValueSpecification\",\"valueRequired\":true,\"valueName\":\"search_term_string\"}}],\"inLanguage\":\"fi\"},{\"@type\":\"Organization\",\"@id\":\"https:\/\/keila.dev.modify.fi\/#organization\",\"name\":\"Valkeakosken Keilahalli\",\"url\":\"https:\/\/keila.dev.modify.fi\/\",\"logo\":{\"@type\":\"ImageObject\",\"inLanguage\":\"fi\",\"@id\":\"https:\/\/keila.dev.modify.fi\/#\/schema\/logo\/image\/\",\"url\":\"https:\/\/keila.dev.modify.fi\/wp-content\/uploads\/2019\/01\/logo-web-1.png\",\"contentUrl\":\"https:\/\/keila.dev.modify.fi\/wp-content\/uploads\/2019\/01\/logo-web-1.png\",\"width\":258,\"height\":250,\"caption\":\"Valkeakosken Keilahalli\"},\"image\":{\"@id\":\"https:\/\/keila.dev.modify.fi\/#\/schema\/logo\/image\/\"}}]}<\/script>\n<!-- \/ Yoast SEO plugin. -->","yoast_head_json":{"title":"Valkeakosken Keilahalli - Hohtokeilaus, baari, biljardi, shuffleboard","description":"Valkeakosken Keilahallista eli Walhallista l\u00f6yd\u00e4t t\u00e4ysin remontoidut keilaradat, hohtokeilauksen, baarin ja biljardin. Meill\u00e4 my\u00f6s shuffleboard.","robots":{"index":"index","follow":"follow","max-snippet":"max-snippet:-1","max-image-preview":"max-image-preview:large","max-video-preview":"max-video-preview:-1"},"canonical":"https:\/\/keila.dev.modify.fi\/?page_id=248","og_locale":"fi_FI","og_type":"article","og_title":"Valkeakosken Keilahalli - Hohtokeilaus, baari, biljardi, shuffleboard","og_description":"Valkeakosken Keilahallista eli Walhallista l\u00f6yd\u00e4t t\u00e4ysin remontoidut keilaradat, hohtokeilauksen, baarin ja biljardin. Meill\u00e4 my\u00f6s shuffleboard.","og_url":"https:\/\/keila.dev.modify.fi\/?page_id=248","og_site_name":"Valkeakosken Keilahalli","article_modified_time":"2025-01-03T14:18:40+00:00","twitter_card":"summary_large_image","twitter_misc":{"Arvioitu lukuaika":"1 minuutti"},"schema":{"@context":"https:\/\/schema.org","@graph":[{"@type":"WebPage","@id":"https:\/\/keila.dev.modify.fi\/?page_id=248","url":"https:\/\/keila.dev.modify.fi\/?page_id=248","name":"Valkeakosken Keilahalli - Hohtokeilaus, baari, biljardi, shuffleboard","isPartOf":{"@id":"https:\/\/keila.dev.modify.fi\/#website"},"datePublished":"2019-06-24T11:03:49+00:00","dateModified":"2025-01-03T14:18:40+00:00","description":"Valkeakosken Keilahallista eli Walhallista l\u00f6yd\u00e4t t\u00e4ysin remontoidut keilaradat, hohtokeilauksen, baarin ja biljardin. Meill\u00e4 my\u00f6s shuffleboard.","breadcrumb":{"@id":"https:\/\/keila.dev.modify.fi\/?page_id=248#breadcrumb"},"inLanguage":"fi","potentialAction":[{"@type":"ReadAction","target":["https:\/\/keila.dev.modify.fi\/?page_id=248"]}]},{"@type":"BreadcrumbList","@id":"https:\/\/keila.dev.modify.fi\/?page_id=248#breadcrumb","itemListElement":[{"@type":"ListItem","position":1,"name":"Home","item":"https:\/\/keila.dev.modify.fi\/"},{"@type":"ListItem","position":2,"name":"Hinnasto"}]},{"@type":"WebSite","@id":"https:\/\/keila.dev.modify.fi\/#website","url":"https:\/\/keila.dev.modify.fi\/","name":"Valkeakosken Keilahalli","description":"Hohtokeilaus, baari, biljardi","publisher":{"@id":"https:\/\/keila.dev.modify.fi\/#organization"},"potentialAction":[{"@type":"SearchAction","target":{"@type":"EntryPoint","urlTemplate":"https:\/\/keila.dev.modify.fi\/?s={search_term_string}"},"query-input":{"@type":"PropertyValueSpecification","valueRequired":true,"valueName":"search_term_string"}}],"inLanguage":"fi"},{"@type":"Organization","@id":"https:\/\/keila.dev.modify.fi\/#organization","name":"Valkeakosken Keilahalli","url":"https:\/\/keila.dev.modify.fi\/","logo":{"@type":"ImageObject","inLanguage":"fi","@id":"https:\/\/keila.dev.modify.fi\/#\/schema\/logo\/image\/","url":"https:\/\/keila.dev.modify.fi\/wp-content\/uploads\/2019\/01\/logo-web-1.png","contentUrl":"https:\/\/keila.dev.modify.fi\/wp-content\/uploads\/2019\/01\/logo-web-1.png","width":258,"height":250,"caption":"Valkeakosken Keilahalli"},"image":{"@id":"https:\/\/keila.dev.modify.fi\/#\/schema\/logo\/image\/"}}]}},"_links":{"self":[{"href":"https:\/\/keila.dev.modify.fi\/index.php?rest_route=\/wp\/v2\/pages\/248","targetHints":{"allow":["GET"]}}],"collection":[{"href":"https:\/\/keila.dev.modify.fi\/index.php?rest_route=\/wp\/v2\/pages"}],"about":[{"href":"https:\/\/keila.dev.modify.fi\/index.php?rest_route=\/wp\/v2\/types\/page"}],"author":[{"embeddable":true,"href":"https:\/\/keila.dev.modify.fi\/index.php?rest_route=\/wp\/v2\/users\/1"}],"replies":[{"embeddable":true,"href":"https:\/\/keila.dev.modify.fi\/index.php?rest_route=%2Fwp%2Fv2%2Fcomments&post=248"}],"version-history":[{"count":44,"href":"https:\/\/keila.dev.modify.fi\/index.php?rest_route=\/wp\/v2\/pages\/248\/revisions"}],"predecessor-version":[{"id":1260,"href":"https:\/\/keila.dev.modify.fi\/index.php?rest_route=\/wp\/v2\/pages\/248\/revisions\/1260"}],"wp:attachment":[{"href":"https:\/\/keila.dev.modify.fi\/index.php?rest_route=%2Fwp%2Fv2%2Fmedia&parent=248"}],"curies":[{"name":"wp","href":"https:\/\/api.w.org\/{rel}","templated":true}]}}