{"id":287,"date":"2019-06-24T15:06:16","date_gmt":"2019-06-24T12:06:16","guid":{"rendered":"https:\/\/keila.dev.modify.fi\/?page_id=287"},"modified":"2024-11-15T17:16:55","modified_gmt":"2024-11-15T15:16:55","slug":"palvelut","status":"publish","type":"page","link":"https:\/\/keila.dev.modify.fi\/?page_id=287","title":{"rendered":"Palvelut"},"content":{"rendered":"<p>[et_pb_section fb_built=&#8221;1&#8243; fullwidth=&#8221;on&#8221; _builder_version=&#8221;4.16&#8243; global_colors_info=&#8221;{}&#8221;][\/et_pb_section][et_pb_section fb_built=&#8221;1&#8243; _builder_version=&#8221;4.16&#8243; global_colors_info=&#8221;{}&#8221;][et_pb_row _builder_version=&#8221;4.16&#8243; global_colors_info=&#8221;{}&#8221;][et_pb_column type=&#8221;4_4&#8243; _builder_version=&#8221;4.16&#8243; custom_padding=&#8221;|||&#8221; global_colors_info=&#8221;{}&#8221; custom_padding__hover=&#8221;|||&#8221;][et_pb_text _builder_version=&#8221;4.16&#8243; header_font=&#8221;Alegreya Sans||||||||&#8221; inline_fonts=&#8221;Anton&#8221; global_colors_info=&#8221;{}&#8221;]<\/p>\n<h1>Palvelut<\/h1>\n<p>[\/et_pb_text][et_pb_text _builder_version=&#8221;4.27.3&#8243; hover_enabled=&#8221;0&#8243; global_colors_info=&#8221;{}&#8221; sticky_enabled=&#8221;0&#8243;]<\/p>\n<p>Walhallista l\u00f6yd\u00e4t 12 keilaradan lis\u00e4ksi erilaiset aulapelit, Full Swing -golfsimulaattorin, kahvion ja baarin A-oikeuksineen, kaksi kabinettia ( iso kabinetti n. 36 hl\u00f6 ja lasten Star Wars -kabinetti n. 12 hl\u00f6) erilaisia tilaisuuksia varten sek\u00e4 kes\u00e4isin Valkeakosken aurinkoisimman terassin ja 18-rataisen minigolfin!<\/p>\n<p>Meill\u00e4 viihtyv\u00e4t aikuiset sek\u00e4 lapset. Meill\u00e4 j\u00e4rjest\u00e4t niin lasten syntt\u00e4rit, ty\u00f6paikan kokoukset ja tyky-p\u00e4iv\u00e4t kuin kaveriporukan illanvietot tai polttarit!<\/p>\n<p>Walhalli on erinomainen kilpakeilahalli. Valkeakosken keilailuliitto ja sen alaiset keilaseurat j\u00e4rjest\u00e4v\u00e4t viikoittain kilpailuja. Keilailun harrastajia palvelee my\u00f6s Pro Shop, josta l\u00f6ytyv\u00e4t pallot, keng\u00e4t ja muut tarvikkeet keilailuun. Asiantuntevaa palvelua antavat Janne K\u00e4rkk\u00e4inen ja Sam Anker, jolta voit varata my\u00f6s valmennusta.<\/p>\n<p>&nbsp;<\/p>\n<p>&nbsp;<\/p>\n<p>&nbsp;<\/p>\n<h2>Lasten syntt\u00e4ripaketit<\/h2>\n<table class=\"synttarit\" style=\"width: 356px;\">\n<tbody>\n<tr>\n<th style=\"width: 148px;\">PAKETTI 1<\/th>\n<th style=\"width: 195px;\">PAKETTI 2<\/th>\n<\/tr>\n<tr>\n<td style=\"width: 148px;\">LIMU TAI TRIP<\/td>\n<td style=\"width: 195px;\">LIMU TAI TRIP<\/td>\n<\/tr>\n<tr>\n<td style=\"width: 148px;\">KARKIT TAI J\u00c4\u00c4TEL\u00d6<\/td>\n<td style=\"width: 195px;\">KARKIT TAI J\u00c4\u00c4TEL\u00d6<\/td>\n<\/tr>\n<tr>\n<td style=\"width: 148px;\">SIPSIT<\/td>\n<td style=\"width: 195px;\">PIZZASLICE TAI RANSKALAISET<\/td>\n<\/tr>\n<tr>\n<td style=\"width: 148px;\">\u00a0<\/td>\n<td style=\"width: 195px;\">\u00a0<\/td>\n<\/tr>\n<tr>\n<td style=\"width: 148px;\">14 \u20ac \/ LAPSI<\/td>\n<td style=\"width: 195px;\">18 \u20ac \/ LAPSI<\/td>\n<\/tr>\n<\/tbody>\n<\/table>\n<p>Hinta sis\u00e4lt\u00e4\u00e4 tarjoilujen lis\u00e4ksi keilauksen tunniksi (min. 4 hl\u00f6 \/ rata), kenk\u00e4vuokran sek\u00e4 lasten kabinetin tunnin ajaksi k\u00e4ytt\u00f6\u00f6n joko ennen keilailua tai keilailun j\u00e4lkeen.<\/p>\n<p>Perjantaisin ja lauantaisin suosittelemme j\u00e4rjest\u00e4m\u00e4\u00e4n lasten syntt\u00e4rit ennen klo 18. Lapsilla olisi my\u00f6s hyv\u00e4 olla ainakin yksi aikuinen \/ huoltaja mukana syntt\u00e4reiden ajan.<\/p>\n<p>Pakettihinnat ovat voimassa arkip\u00e4ivisin maanantaista perjantaihin. Viikonloppuisin (la-su) ja hohtokeilauksen aikana pakettihintoihin lis\u00e4t\u00e4\u00e4n 3 \u20ac \/ lapsi.<\/p>\n<p>Syntt\u00e4ripaketteihin voit kysy\u00e4 my\u00f6s muita ruokavaihtoehtoja. Voit my\u00f6s tuoda lasten syntt\u00e4reille omat tarjoilut. T\u00e4ll\u00f6in keilailusta veloitetaan hinnaston mukainen ratamaksu ja kenk\u00e4vuokra sek\u00e4 kabinetista 25\u20ac\/h vuokramaksu.<\/p>\n<p>Syntt\u00e4ripakettiin voi sis\u00e4llytt\u00e4\u00e4 my\u00f6s muita pelej\u00e4mme: minigolf (kes\u00e4isin), shuffleboard, kuplal\u00e4tk\u00e4, ilmakiekko, biljardi ja darts. Kysy tarjousta!<\/p>\n<p>&nbsp;<\/p>\n<h2>Tilausmenut ryhmille<\/h2>\n<p>Uusi ryhm\u00e4tilausmenu tulossa pian!<\/p>\n<p>Walhallin baarin keitti\u00f6st\u00e4 saatavilla purtavaa niin pieneen kuin isoon n\u00e4lk\u00e4\u00e4n. Katso menu <a href=\"https:\/\/keila.dev.modify.fi\/baarimenu\/\">t\u00e4st\u00e4.<\/a><\/p>\n<p>[\/et_pb_text][\/et_pb_column][\/et_pb_row][\/et_pb_section]<\/p>\n","protected":false},"excerpt":{"rendered":"<p>PalvelutWalhallista l\u00f6yd\u00e4t 12 keilaradan lis\u00e4ksi erilaiset aulapelit, Full Swing -golfsimulaattorin, kahvion ja baarin A-oikeuksineen, kaksi kabinettia ( iso kabinetti n. 36 hl\u00f6 ja lasten Star Wars -kabinetti n. 12 hl\u00f6) erilaisia tilaisuuksia varten sek\u00e4 kes\u00e4isin Valkeakosken aurinkoisimman terassin ja 18-rataisen minigolfin! Meill\u00e4 viihtyv\u00e4t aikuiset sek\u00e4 lapset. Meill\u00e4 j\u00e4rjest\u00e4t niin lasten syntt\u00e4rit, ty\u00f6paikan kokoukset ja tyky-p\u00e4iv\u00e4t [&hellip;]<\/p>\n","protected":false},"author":1,"featured_media":0,"parent":0,"menu_order":0,"comment_status":"closed","ping_status":"closed","template":"","meta":{"_et_pb_use_builder":"on","_et_pb_old_content":"","_et_gb_content_width":"","footnotes":""},"class_list":["post-287","page","type-page","status-publish","hentry"],"yoast_head":"<!-- This site is optimized with the Yoast SEO plugin v26.2 - https:\/\/yoast.com\/wordpress\/plugins\/seo\/ -->\n<title>Valkeakosken Keilahalli - Hohtokeilaus, baari, biljardi, shuffleboard<\/title>\n<meta name=\"description\" content=\"Valkeakosken Keilahallista eli Walhallista l\u00f6yd\u00e4t t\u00e4ysin remontoidut keilaradat, hohtokeilauksen, baarin ja biljardin. Meill\u00e4 my\u00f6s shuffleboard.\" \/>\n<meta name=\"robots\" content=\"index, follow, max-snippet:-1, max-image-preview:large, max-video-preview:-1\" \/>\n<link rel=\"canonical\" href=\"https:\/\/keila.dev.modify.fi\/?page_id=287\" \/>\n<meta property=\"og:locale\" content=\"fi_FI\" \/>\n<meta property=\"og:type\" content=\"article\" \/>\n<meta property=\"og:title\" content=\"Valkeakosken Keilahalli - Hohtokeilaus, baari, biljardi, shuffleboard\" \/>\n<meta property=\"og:description\" content=\"Valkeakosken Keilahallista eli Walhallista l\u00f6yd\u00e4t t\u00e4ysin remontoidut keilaradat, hohtokeilauksen, baarin ja biljardin. Meill\u00e4 my\u00f6s shuffleboard.\" \/>\n<meta property=\"og:url\" content=\"https:\/\/keila.dev.modify.fi\/?page_id=287\" \/>\n<meta property=\"og:site_name\" content=\"Valkeakosken Keilahalli\" \/>\n<meta property=\"article:modified_time\" content=\"2024-11-15T15:16:55+00:00\" \/>\n<meta name=\"twitter:card\" content=\"summary_large_image\" \/>\n<meta name=\"twitter:label1\" content=\"Arvioitu lukuaika\" \/>\n\t<meta name=\"twitter:data1\" content=\"2 minuuttia\" \/>\n<script type=\"application\/ld+json\" class=\"yoast-schema-graph\">{\"@context\":\"https:\/\/schema.org\",\"@graph\":[{\"@type\":\"WebPage\",\"@id\":\"https:\/\/keila.dev.modify.fi\/?page_id=287\",\"url\":\"https:\/\/keila.dev.modify.fi\/?page_id=287\",\"name\":\"Valkeakosken Keilahalli - Hohtokeilaus, baari, biljardi, shuffleboard\",\"isPartOf\":{\"@id\":\"https:\/\/keila.dev.modify.fi\/#website\"},\"datePublished\":\"2019-06-24T12:06:16+00:00\",\"dateModified\":\"2024-11-15T15:16:55+00:00\",\"description\":\"Valkeakosken Keilahallista eli Walhallista l\u00f6yd\u00e4t t\u00e4ysin remontoidut keilaradat, hohtokeilauksen, baarin ja biljardin. Meill\u00e4 my\u00f6s shuffleboard.\",\"breadcrumb\":{\"@id\":\"https:\/\/keila.dev.modify.fi\/?page_id=287#breadcrumb\"},\"inLanguage\":\"fi\",\"potentialAction\":[{\"@type\":\"ReadAction\",\"target\":[\"https:\/\/keila.dev.modify.fi\/?page_id=287\"]}]},{\"@type\":\"BreadcrumbList\",\"@id\":\"https:\/\/keila.dev.modify.fi\/?page_id=287#breadcrumb\",\"itemListElement\":[{\"@type\":\"ListItem\",\"position\":1,\"name\":\"Home\",\"item\":\"https:\/\/keila.dev.modify.fi\/\"},{\"@type\":\"ListItem\",\"position\":2,\"name\":\"Palvelut\"}]},{\"@type\":\"WebSite\",\"@id\":\"https:\/\/keila.dev.modify.fi\/#website\",\"url\":\"https:\/\/keila.dev.modify.fi\/\",\"name\":\"Valkeakosken Keilahalli\",\"description\":\"Hohtokeilaus, baari, biljardi\",\"publisher\":{\"@id\":\"https:\/\/keila.dev.modify.fi\/#organization\"},\"potentialAction\":[{\"@type\":\"SearchAction\",\"target\":{\"@type\":\"EntryPoint\",\"urlTemplate\":\"https:\/\/keila.dev.modify.fi\/?s={search_term_string}\"},\"query-input\":{\"@type\":\"PropertyValueSpecification\",\"valueRequired\":true,\"valueName\":\"search_term_string\"}}],\"inLanguage\":\"fi\"},{\"@type\":\"Organization\",\"@id\":\"https:\/\/keila.dev.modify.fi\/#organization\",\"name\":\"Valkeakosken Keilahalli\",\"url\":\"https:\/\/keila.dev.modify.fi\/\",\"logo\":{\"@type\":\"ImageObject\",\"inLanguage\":\"fi\",\"@id\":\"https:\/\/keila.dev.modify.fi\/#\/schema\/logo\/image\/\",\"url\":\"https:\/\/keila.dev.modify.fi\/wp-content\/uploads\/2019\/01\/logo-web-1.png\",\"contentUrl\":\"https:\/\/keila.dev.modify.fi\/wp-content\/uploads\/2019\/01\/logo-web-1.png\",\"width\":258,\"height\":250,\"caption\":\"Valkeakosken Keilahalli\"},\"image\":{\"@id\":\"https:\/\/keila.dev.modify.fi\/#\/schema\/logo\/image\/\"}}]}<\/script>\n<!-- \/ Yoast SEO plugin. -->","yoast_head_json":{"title":"Valkeakosken Keilahalli - Hohtokeilaus, baari, biljardi, shuffleboard","description":"Valkeakosken Keilahallista eli Walhallista l\u00f6yd\u00e4t t\u00e4ysin remontoidut keilaradat, hohtokeilauksen, baarin ja biljardin. Meill\u00e4 my\u00f6s shuffleboard.","robots":{"index":"index","follow":"follow","max-snippet":"max-snippet:-1","max-image-preview":"max-image-preview:large","max-video-preview":"max-video-preview:-1"},"canonical":"https:\/\/keila.dev.modify.fi\/?page_id=287","og_locale":"fi_FI","og_type":"article","og_title":"Valkeakosken Keilahalli - Hohtokeilaus, baari, biljardi, shuffleboard","og_description":"Valkeakosken Keilahallista eli Walhallista l\u00f6yd\u00e4t t\u00e4ysin remontoidut keilaradat, hohtokeilauksen, baarin ja biljardin. Meill\u00e4 my\u00f6s shuffleboard.","og_url":"https:\/\/keila.dev.modify.fi\/?page_id=287","og_site_name":"Valkeakosken Keilahalli","article_modified_time":"2024-11-15T15:16:55+00:00","twitter_card":"summary_large_image","twitter_misc":{"Arvioitu lukuaika":"2 minuuttia"},"schema":{"@context":"https:\/\/schema.org","@graph":[{"@type":"WebPage","@id":"https:\/\/keila.dev.modify.fi\/?page_id=287","url":"https:\/\/keila.dev.modify.fi\/?page_id=287","name":"Valkeakosken Keilahalli - Hohtokeilaus, baari, biljardi, shuffleboard","isPartOf":{"@id":"https:\/\/keila.dev.modify.fi\/#website"},"datePublished":"2019-06-24T12:06:16+00:00","dateModified":"2024-11-15T15:16:55+00:00","description":"Valkeakosken Keilahallista eli Walhallista l\u00f6yd\u00e4t t\u00e4ysin remontoidut keilaradat, hohtokeilauksen, baarin ja biljardin. Meill\u00e4 my\u00f6s shuffleboard.","breadcrumb":{"@id":"https:\/\/keila.dev.modify.fi\/?page_id=287#breadcrumb"},"inLanguage":"fi","potentialAction":[{"@type":"ReadAction","target":["https:\/\/keila.dev.modify.fi\/?page_id=287"]}]},{"@type":"BreadcrumbList","@id":"https:\/\/keila.dev.modify.fi\/?page_id=287#breadcrumb","itemListElement":[{"@type":"ListItem","position":1,"name":"Home","item":"https:\/\/keila.dev.modify.fi\/"},{"@type":"ListItem","position":2,"name":"Palvelut"}]},{"@type":"WebSite","@id":"https:\/\/keila.dev.modify.fi\/#website","url":"https:\/\/keila.dev.modify.fi\/","name":"Valkeakosken Keilahalli","description":"Hohtokeilaus, baari, biljardi","publisher":{"@id":"https:\/\/keila.dev.modify.fi\/#organization"},"potentialAction":[{"@type":"SearchAction","target":{"@type":"EntryPoint","urlTemplate":"https:\/\/keila.dev.modify.fi\/?s={search_term_string}"},"query-input":{"@type":"PropertyValueSpecification","valueRequired":true,"valueName":"search_term_string"}}],"inLanguage":"fi"},{"@type":"Organization","@id":"https:\/\/keila.dev.modify.fi\/#organization","name":"Valkeakosken Keilahalli","url":"https:\/\/keila.dev.modify.fi\/","logo":{"@type":"ImageObject","inLanguage":"fi","@id":"https:\/\/keila.dev.modify.fi\/#\/schema\/logo\/image\/","url":"https:\/\/keila.dev.modify.fi\/wp-content\/uploads\/2019\/01\/logo-web-1.png","contentUrl":"https:\/\/keila.dev.modify.fi\/wp-content\/uploads\/2019\/01\/logo-web-1.png","width":258,"height":250,"caption":"Valkeakosken Keilahalli"},"image":{"@id":"https:\/\/keila.dev.modify.fi\/#\/schema\/logo\/image\/"}}]}},"_links":{"self":[{"href":"https:\/\/keila.dev.modify.fi\/index.php?rest_route=\/wp\/v2\/pages\/287","targetHints":{"allow":["GET"]}}],"collection":[{"href":"https:\/\/keila.dev.modify.fi\/index.php?rest_route=\/wp\/v2\/pages"}],"about":[{"href":"https:\/\/keila.dev.modify.fi\/index.php?rest_route=\/wp\/v2\/types\/page"}],"author":[{"embeddable":true,"href":"https:\/\/keila.dev.modify.fi\/index.php?rest_route=\/wp\/v2\/users\/1"}],"replies":[{"embeddable":true,"href":"https:\/\/keila.dev.modify.fi\/index.php?rest_route=%2Fwp%2Fv2%2Fcomments&post=287"}],"version-history":[{"count":37,"href":"https:\/\/keila.dev.modify.fi\/index.php?rest_route=\/wp\/v2\/pages\/287\/revisions"}],"predecessor-version":[{"id":1252,"href":"https:\/\/keila.dev.modify.fi\/index.php?rest_route=\/wp\/v2\/pages\/287\/revisions\/1252"}],"wp:attachment":[{"href":"https:\/\/keila.dev.modify.fi\/index.php?rest_route=%2Fwp%2Fv2%2Fmedia&parent=287"}],"curies":[{"name":"wp","href":"https:\/\/api.w.org\/{rel}","templated":true}]}}