{"id":305,"date":"2019-06-24T15:08:38","date_gmt":"2019-06-24T12:08:38","guid":{"rendered":"https:\/\/keila.dev.modify.fi\/?page_id=305"},"modified":"2022-10-11T10:21:08","modified_gmt":"2022-10-11T07:21:08","slug":"kilpailutoiminta","status":"publish","type":"page","link":"https:\/\/keila.dev.modify.fi\/?page_id=305","title":{"rendered":"Kilpailutoiminta"},"content":{"rendered":"<p><strong>KILPAILUKALENTERI JA KILPAILUTULOKSET<\/strong><\/p>\n<p>L\u00f6yd\u00e4t kilpailukalenterin ja Walhallin kilpailutulokset Valkeakosken keilailuliiton nettisivuilta:<\/p>\n<p><a href=\"https:\/\/valkeakoskenkeilailuliitto.com\/\">Valkeakosken keilailuliitto<\/a><\/p>\n","protected":false},"excerpt":{"rendered":"<p>KILPAILUKALENTERI JA KILPAILUTULOKSET L\u00f6yd\u00e4t kilpailukalenterin ja Walhallin kilpailutulokset Valkeakosken keilailuliiton nettisivuilta: Valkeakosken keilailuliitto<\/p>\n","protected":false},"author":1,"featured_media":0,"parent":0,"menu_order":0,"comment_status":"closed","ping_status":"closed","template":"","meta":{"_et_pb_use_builder":"off","_et_pb_old_content":"","_et_gb_content_width":"","footnotes":""},"class_list":["post-305","page","type-page","status-publish","hentry"],"yoast_head":"<!-- This site is optimized with the Yoast SEO plugin v26.2 - https:\/\/yoast.com\/wordpress\/plugins\/seo\/ -->\n<title>Valkeakosken Keilahalli - Hohtokeilaus, baari, biljardi, shuffleboard<\/title>\n<meta name=\"description\" content=\"Valkeakosken Keilahallista eli Walhallista l\u00f6yd\u00e4t t\u00e4ysin remontoidut keilaradat, hohtokeilauksen, baarin ja biljardin. Meill\u00e4 my\u00f6s shuffleboard.\" \/>\n<meta name=\"robots\" content=\"index, follow, max-snippet:-1, max-image-preview:large, max-video-preview:-1\" \/>\n<link rel=\"canonical\" href=\"https:\/\/keila.dev.modify.fi\/?page_id=305\" \/>\n<meta property=\"og:locale\" content=\"fi_FI\" \/>\n<meta property=\"og:type\" content=\"article\" \/>\n<meta property=\"og:title\" content=\"Valkeakosken Keilahalli - Hohtokeilaus, baari, biljardi, shuffleboard\" \/>\n<meta property=\"og:description\" content=\"Valkeakosken Keilahallista eli Walhallista l\u00f6yd\u00e4t t\u00e4ysin remontoidut keilaradat, hohtokeilauksen, baarin ja biljardin. Meill\u00e4 my\u00f6s shuffleboard.\" \/>\n<meta property=\"og:url\" content=\"https:\/\/keila.dev.modify.fi\/?page_id=305\" \/>\n<meta property=\"og:site_name\" content=\"Valkeakosken Keilahalli\" \/>\n<meta property=\"article:modified_time\" content=\"2022-10-11T07:21:08+00:00\" \/>\n<meta name=\"twitter:card\" content=\"summary_large_image\" \/>\n<meta name=\"twitter:label1\" content=\"Arvioitu lukuaika\" \/>\n\t<meta name=\"twitter:data1\" content=\"1 minuutti\" \/>\n<script type=\"application\/ld+json\" class=\"yoast-schema-graph\">{\"@context\":\"https:\/\/schema.org\",\"@graph\":[{\"@type\":\"WebPage\",\"@id\":\"https:\/\/keila.dev.modify.fi\/?page_id=305\",\"url\":\"https:\/\/keila.dev.modify.fi\/?page_id=305\",\"name\":\"Valkeakosken Keilahalli - Hohtokeilaus, baari, biljardi, shuffleboard\",\"isPartOf\":{\"@id\":\"https:\/\/keila.dev.modify.fi\/#website\"},\"datePublished\":\"2019-06-24T12:08:38+00:00\",\"dateModified\":\"2022-10-11T07:21:08+00:00\",\"description\":\"Valkeakosken Keilahallista eli Walhallista l\u00f6yd\u00e4t t\u00e4ysin remontoidut keilaradat, hohtokeilauksen, baarin ja biljardin. Meill\u00e4 my\u00f6s shuffleboard.\",\"breadcrumb\":{\"@id\":\"https:\/\/keila.dev.modify.fi\/?page_id=305#breadcrumb\"},\"inLanguage\":\"fi\",\"potentialAction\":[{\"@type\":\"ReadAction\",\"target\":[\"https:\/\/keila.dev.modify.fi\/?page_id=305\"]}]},{\"@type\":\"BreadcrumbList\",\"@id\":\"https:\/\/keila.dev.modify.fi\/?page_id=305#breadcrumb\",\"itemListElement\":[{\"@type\":\"ListItem\",\"position\":1,\"name\":\"Home\",\"item\":\"https:\/\/keila.dev.modify.fi\/\"},{\"@type\":\"ListItem\",\"position\":2,\"name\":\"Kilpailutoiminta\"}]},{\"@type\":\"WebSite\",\"@id\":\"https:\/\/keila.dev.modify.fi\/#website\",\"url\":\"https:\/\/keila.dev.modify.fi\/\",\"name\":\"Valkeakosken Keilahalli\",\"description\":\"Hohtokeilaus, baari, biljardi\",\"publisher\":{\"@id\":\"https:\/\/keila.dev.modify.fi\/#organization\"},\"potentialAction\":[{\"@type\":\"SearchAction\",\"target\":{\"@type\":\"EntryPoint\",\"urlTemplate\":\"https:\/\/keila.dev.modify.fi\/?s={search_term_string}\"},\"query-input\":{\"@type\":\"PropertyValueSpecification\",\"valueRequired\":true,\"valueName\":\"search_term_string\"}}],\"inLanguage\":\"fi\"},{\"@type\":\"Organization\",\"@id\":\"https:\/\/keila.dev.modify.fi\/#organization\",\"name\":\"Valkeakosken Keilahalli\",\"url\":\"https:\/\/keila.dev.modify.fi\/\",\"logo\":{\"@type\":\"ImageObject\",\"inLanguage\":\"fi\",\"@id\":\"https:\/\/keila.dev.modify.fi\/#\/schema\/logo\/image\/\",\"url\":\"https:\/\/keila.dev.modify.fi\/wp-content\/uploads\/2019\/01\/logo-web-1.png\",\"contentUrl\":\"https:\/\/keila.dev.modify.fi\/wp-content\/uploads\/2019\/01\/logo-web-1.png\",\"width\":258,\"height\":250,\"caption\":\"Valkeakosken Keilahalli\"},\"image\":{\"@id\":\"https:\/\/keila.dev.modify.fi\/#\/schema\/logo\/image\/\"}}]}<\/script>\n<!-- \/ Yoast SEO plugin. -->","yoast_head_json":{"title":"Valkeakosken Keilahalli - Hohtokeilaus, baari, biljardi, shuffleboard","description":"Valkeakosken Keilahallista eli Walhallista l\u00f6yd\u00e4t t\u00e4ysin remontoidut keilaradat, hohtokeilauksen, baarin ja biljardin. Meill\u00e4 my\u00f6s shuffleboard.","robots":{"index":"index","follow":"follow","max-snippet":"max-snippet:-1","max-image-preview":"max-image-preview:large","max-video-preview":"max-video-preview:-1"},"canonical":"https:\/\/keila.dev.modify.fi\/?page_id=305","og_locale":"fi_FI","og_type":"article","og_title":"Valkeakosken Keilahalli - Hohtokeilaus, baari, biljardi, shuffleboard","og_description":"Valkeakosken Keilahallista eli Walhallista l\u00f6yd\u00e4t t\u00e4ysin remontoidut keilaradat, hohtokeilauksen, baarin ja biljardin. Meill\u00e4 my\u00f6s shuffleboard.","og_url":"https:\/\/keila.dev.modify.fi\/?page_id=305","og_site_name":"Valkeakosken Keilahalli","article_modified_time":"2022-10-11T07:21:08+00:00","twitter_card":"summary_large_image","twitter_misc":{"Arvioitu lukuaika":"1 minuutti"},"schema":{"@context":"https:\/\/schema.org","@graph":[{"@type":"WebPage","@id":"https:\/\/keila.dev.modify.fi\/?page_id=305","url":"https:\/\/keila.dev.modify.fi\/?page_id=305","name":"Valkeakosken Keilahalli - Hohtokeilaus, baari, biljardi, shuffleboard","isPartOf":{"@id":"https:\/\/keila.dev.modify.fi\/#website"},"datePublished":"2019-06-24T12:08:38+00:00","dateModified":"2022-10-11T07:21:08+00:00","description":"Valkeakosken Keilahallista eli Walhallista l\u00f6yd\u00e4t t\u00e4ysin remontoidut keilaradat, hohtokeilauksen, baarin ja biljardin. Meill\u00e4 my\u00f6s shuffleboard.","breadcrumb":{"@id":"https:\/\/keila.dev.modify.fi\/?page_id=305#breadcrumb"},"inLanguage":"fi","potentialAction":[{"@type":"ReadAction","target":["https:\/\/keila.dev.modify.fi\/?page_id=305"]}]},{"@type":"BreadcrumbList","@id":"https:\/\/keila.dev.modify.fi\/?page_id=305#breadcrumb","itemListElement":[{"@type":"ListItem","position":1,"name":"Home","item":"https:\/\/keila.dev.modify.fi\/"},{"@type":"ListItem","position":2,"name":"Kilpailutoiminta"}]},{"@type":"WebSite","@id":"https:\/\/keila.dev.modify.fi\/#website","url":"https:\/\/keila.dev.modify.fi\/","name":"Valkeakosken Keilahalli","description":"Hohtokeilaus, baari, biljardi","publisher":{"@id":"https:\/\/keila.dev.modify.fi\/#organization"},"potentialAction":[{"@type":"SearchAction","target":{"@type":"EntryPoint","urlTemplate":"https:\/\/keila.dev.modify.fi\/?s={search_term_string}"},"query-input":{"@type":"PropertyValueSpecification","valueRequired":true,"valueName":"search_term_string"}}],"inLanguage":"fi"},{"@type":"Organization","@id":"https:\/\/keila.dev.modify.fi\/#organization","name":"Valkeakosken Keilahalli","url":"https:\/\/keila.dev.modify.fi\/","logo":{"@type":"ImageObject","inLanguage":"fi","@id":"https:\/\/keila.dev.modify.fi\/#\/schema\/logo\/image\/","url":"https:\/\/keila.dev.modify.fi\/wp-content\/uploads\/2019\/01\/logo-web-1.png","contentUrl":"https:\/\/keila.dev.modify.fi\/wp-content\/uploads\/2019\/01\/logo-web-1.png","width":258,"height":250,"caption":"Valkeakosken Keilahalli"},"image":{"@id":"https:\/\/keila.dev.modify.fi\/#\/schema\/logo\/image\/"}}]}},"_links":{"self":[{"href":"https:\/\/keila.dev.modify.fi\/index.php?rest_route=\/wp\/v2\/pages\/305","targetHints":{"allow":["GET"]}}],"collection":[{"href":"https:\/\/keila.dev.modify.fi\/index.php?rest_route=\/wp\/v2\/pages"}],"about":[{"href":"https:\/\/keila.dev.modify.fi\/index.php?rest_route=\/wp\/v2\/types\/page"}],"author":[{"embeddable":true,"href":"https:\/\/keila.dev.modify.fi\/index.php?rest_route=\/wp\/v2\/users\/1"}],"replies":[{"embeddable":true,"href":"https:\/\/keila.dev.modify.fi\/index.php?rest_route=%2Fwp%2Fv2%2Fcomments&post=305"}],"version-history":[{"count":29,"href":"https:\/\/keila.dev.modify.fi\/index.php?rest_route=\/wp\/v2\/pages\/305\/revisions"}],"predecessor-version":[{"id":1106,"href":"https:\/\/keila.dev.modify.fi\/index.php?rest_route=\/wp\/v2\/pages\/305\/revisions\/1106"}],"wp:attachment":[{"href":"https:\/\/keila.dev.modify.fi\/index.php?rest_route=%2Fwp%2Fv2%2Fmedia&parent=305"}],"curies":[{"name":"wp","href":"https:\/\/api.w.org\/{rel}","templated":true}]}}