{"id":310,"date":"2019-06-24T15:10:07","date_gmt":"2019-06-24T12:10:07","guid":{"rendered":"https:\/\/keila.dev.modify.fi\/?page_id=310"},"modified":"2022-10-11T10:31:49","modified_gmt":"2022-10-11T07:31:49","slug":"harrastekeilailu","status":"publish","type":"page","link":"https:\/\/keila.dev.modify.fi\/?page_id=310","title":{"rendered":"Harrastekeilailu"},"content":{"rendered":"<p>[et_pb_section fb_built=&#8221;1&#8243; fullwidth=&#8221;on&#8221; _builder_version=&#8221;3.22.3&#8243; collapsed=&#8221;off&#8221; global_colors_info=&#8221;{}&#8221;][\/et_pb_section][et_pb_section fb_built=&#8221;1&#8243; _builder_version=&#8221;3.22.3&#8243; global_colors_info=&#8221;{}&#8221;][et_pb_row admin_label=&#8221;Harrastekeilailu&#8221; _builder_version=&#8221;3.25&#8243; global_colors_info=&#8221;{}&#8221;][et_pb_column type=&#8221;4_4&#8243; _builder_version=&#8221;3.25&#8243; custom_padding=&#8221;|||&#8221; global_colors_info=&#8221;{}&#8221; custom_padding__hover=&#8221;|||&#8221;][et_pb_text admin_label=&#8221;Otsikko&#8221; _builder_version=&#8221;4.14.8&#8243; header_font=&#8221;Alegreya Sans||||||||&#8221; inline_fonts=&#8221;Anton&#8221; global_colors_info=&#8221;{}&#8221;]<\/p>\n<h1>Walhalliliiga ja Puulaaki<\/h1>\n<p>[\/et_pb_text][et_pb_text _builder_version=&#8221;4.14.8&#8243; hover_enabled=&#8221;0&#8243; global_colors_info=&#8221;{}&#8221; sticky_enabled=&#8221;0&#8243;]<\/p>\n<p>Walhallissa pelataan Walhalliliigaa ja Puulaakia.<\/p>\n<p>[\/et_pb_text][\/et_pb_column][\/et_pb_row][et_pb_row admin_label=&#8221;Otteluohjelmat ja tulokset&#8221; _builder_version=&#8221;3.26.7&#8243; global_colors_info=&#8221;{}&#8221;][et_pb_column type=&#8221;4_4&#8243; _builder_version=&#8221;3.25.3&#8243; global_colors_info=&#8221;{}&#8221;][et_pb_text admin_label=&#8221;Otsikko&#8221; _builder_version=&#8221;4.9.7&#8243; header_font=&#8221;Alegreya Sans||||||||&#8221; inline_fonts=&#8221;Anton&#8221; global_colors_info=&#8221;{}&#8221;]<\/p>\n<h1>Otteluohjelmat ja tulokset<\/h1>\n<p>[\/et_pb_text][et_pb_text admin_label=&#8221;Teksti&#8221; _builder_version=&#8221;4.14.8&#8243; global_colors_info=&#8221;{}&#8221;]<\/p>\n<p>L\u00f6yd\u00e4t sek\u00e4 Walhalliliigan ett\u00e4 Puulaakin otteluohjelmat ja tulokset Valkeakosken keilailuliiton nettisivuilta: <a href=\"https:\/\/valkeakoskenkeilailuliitto.com\/\">Valkeakosken keilailuliitto<\/a><\/p>\n<p>[\/et_pb_text][\/et_pb_column][\/et_pb_row][\/et_pb_section]<\/p>\n","protected":false},"excerpt":{"rendered":"<p>Walhalliliiga ja PuulaakiWalhallissa pelataan Walhalliliigaa ja Puulaakia.Otteluohjelmat ja tuloksetL\u00f6yd\u00e4t sek\u00e4 Walhalliliigan ett\u00e4 Puulaakin otteluohjelmat ja tulokset Valkeakosken keilailuliiton nettisivuilta: Valkeakosken keilailuliitto<\/p>\n","protected":false},"author":1,"featured_media":0,"parent":0,"menu_order":0,"comment_status":"closed","ping_status":"closed","template":"","meta":{"_et_pb_use_builder":"on","_et_pb_old_content":"","_et_gb_content_width":"","footnotes":""},"class_list":["post-310","page","type-page","status-publish","hentry"],"yoast_head":"<!-- This site is optimized with the Yoast SEO plugin v26.2 - https:\/\/yoast.com\/wordpress\/plugins\/seo\/ -->\n<title>Valkeakosken Keilahalli - Hohtokeilaus, baari, biljardi, shuffleboard<\/title>\n<meta name=\"description\" content=\"Valkeakosken Keilahallista eli Walhallista l\u00f6yd\u00e4t t\u00e4ysin remontoidut keilaradat, hohtokeilauksen, baarin ja biljardin. Meill\u00e4 my\u00f6s shuffleboard.\" \/>\n<meta name=\"robots\" content=\"index, follow, max-snippet:-1, max-image-preview:large, max-video-preview:-1\" \/>\n<link rel=\"canonical\" href=\"https:\/\/keila.dev.modify.fi\/?page_id=310\" \/>\n<meta property=\"og:locale\" content=\"fi_FI\" \/>\n<meta property=\"og:type\" content=\"article\" \/>\n<meta property=\"og:title\" content=\"Valkeakosken Keilahalli - Hohtokeilaus, baari, biljardi, shuffleboard\" \/>\n<meta property=\"og:description\" content=\"Valkeakosken Keilahallista eli Walhallista l\u00f6yd\u00e4t t\u00e4ysin remontoidut keilaradat, hohtokeilauksen, baarin ja biljardin. Meill\u00e4 my\u00f6s shuffleboard.\" \/>\n<meta property=\"og:url\" content=\"https:\/\/keila.dev.modify.fi\/?page_id=310\" \/>\n<meta property=\"og:site_name\" content=\"Valkeakosken Keilahalli\" \/>\n<meta property=\"article:modified_time\" content=\"2022-10-11T07:31:49+00:00\" \/>\n<meta name=\"twitter:card\" content=\"summary_large_image\" \/>\n<meta name=\"twitter:label1\" content=\"Arvioitu lukuaika\" \/>\n\t<meta name=\"twitter:data1\" content=\"1 minuutti\" \/>\n<script type=\"application\/ld+json\" class=\"yoast-schema-graph\">{\"@context\":\"https:\/\/schema.org\",\"@graph\":[{\"@type\":\"WebPage\",\"@id\":\"https:\/\/keila.dev.modify.fi\/?page_id=310\",\"url\":\"https:\/\/keila.dev.modify.fi\/?page_id=310\",\"name\":\"Valkeakosken Keilahalli - Hohtokeilaus, baari, biljardi, shuffleboard\",\"isPartOf\":{\"@id\":\"https:\/\/keila.dev.modify.fi\/#website\"},\"datePublished\":\"2019-06-24T12:10:07+00:00\",\"dateModified\":\"2022-10-11T07:31:49+00:00\",\"description\":\"Valkeakosken Keilahallista eli Walhallista l\u00f6yd\u00e4t t\u00e4ysin remontoidut keilaradat, hohtokeilauksen, baarin ja biljardin. Meill\u00e4 my\u00f6s shuffleboard.\",\"breadcrumb\":{\"@id\":\"https:\/\/keila.dev.modify.fi\/?page_id=310#breadcrumb\"},\"inLanguage\":\"fi\",\"potentialAction\":[{\"@type\":\"ReadAction\",\"target\":[\"https:\/\/keila.dev.modify.fi\/?page_id=310\"]}]},{\"@type\":\"BreadcrumbList\",\"@id\":\"https:\/\/keila.dev.modify.fi\/?page_id=310#breadcrumb\",\"itemListElement\":[{\"@type\":\"ListItem\",\"position\":1,\"name\":\"Home\",\"item\":\"https:\/\/keila.dev.modify.fi\/\"},{\"@type\":\"ListItem\",\"position\":2,\"name\":\"Harrastekeilailu\"}]},{\"@type\":\"WebSite\",\"@id\":\"https:\/\/keila.dev.modify.fi\/#website\",\"url\":\"https:\/\/keila.dev.modify.fi\/\",\"name\":\"Valkeakosken Keilahalli\",\"description\":\"Hohtokeilaus, baari, biljardi\",\"publisher\":{\"@id\":\"https:\/\/keila.dev.modify.fi\/#organization\"},\"potentialAction\":[{\"@type\":\"SearchAction\",\"target\":{\"@type\":\"EntryPoint\",\"urlTemplate\":\"https:\/\/keila.dev.modify.fi\/?s={search_term_string}\"},\"query-input\":{\"@type\":\"PropertyValueSpecification\",\"valueRequired\":true,\"valueName\":\"search_term_string\"}}],\"inLanguage\":\"fi\"},{\"@type\":\"Organization\",\"@id\":\"https:\/\/keila.dev.modify.fi\/#organization\",\"name\":\"Valkeakosken Keilahalli\",\"url\":\"https:\/\/keila.dev.modify.fi\/\",\"logo\":{\"@type\":\"ImageObject\",\"inLanguage\":\"fi\",\"@id\":\"https:\/\/keila.dev.modify.fi\/#\/schema\/logo\/image\/\",\"url\":\"https:\/\/keila.dev.modify.fi\/wp-content\/uploads\/2019\/01\/logo-web-1.png\",\"contentUrl\":\"https:\/\/keila.dev.modify.fi\/wp-content\/uploads\/2019\/01\/logo-web-1.png\",\"width\":258,\"height\":250,\"caption\":\"Valkeakosken Keilahalli\"},\"image\":{\"@id\":\"https:\/\/keila.dev.modify.fi\/#\/schema\/logo\/image\/\"}}]}<\/script>\n<!-- \/ Yoast SEO plugin. -->","yoast_head_json":{"title":"Valkeakosken Keilahalli - Hohtokeilaus, baari, biljardi, shuffleboard","description":"Valkeakosken Keilahallista eli Walhallista l\u00f6yd\u00e4t t\u00e4ysin remontoidut keilaradat, hohtokeilauksen, baarin ja biljardin. Meill\u00e4 my\u00f6s shuffleboard.","robots":{"index":"index","follow":"follow","max-snippet":"max-snippet:-1","max-image-preview":"max-image-preview:large","max-video-preview":"max-video-preview:-1"},"canonical":"https:\/\/keila.dev.modify.fi\/?page_id=310","og_locale":"fi_FI","og_type":"article","og_title":"Valkeakosken Keilahalli - Hohtokeilaus, baari, biljardi, shuffleboard","og_description":"Valkeakosken Keilahallista eli Walhallista l\u00f6yd\u00e4t t\u00e4ysin remontoidut keilaradat, hohtokeilauksen, baarin ja biljardin. Meill\u00e4 my\u00f6s shuffleboard.","og_url":"https:\/\/keila.dev.modify.fi\/?page_id=310","og_site_name":"Valkeakosken Keilahalli","article_modified_time":"2022-10-11T07:31:49+00:00","twitter_card":"summary_large_image","twitter_misc":{"Arvioitu lukuaika":"1 minuutti"},"schema":{"@context":"https:\/\/schema.org","@graph":[{"@type":"WebPage","@id":"https:\/\/keila.dev.modify.fi\/?page_id=310","url":"https:\/\/keila.dev.modify.fi\/?page_id=310","name":"Valkeakosken Keilahalli - Hohtokeilaus, baari, biljardi, shuffleboard","isPartOf":{"@id":"https:\/\/keila.dev.modify.fi\/#website"},"datePublished":"2019-06-24T12:10:07+00:00","dateModified":"2022-10-11T07:31:49+00:00","description":"Valkeakosken Keilahallista eli Walhallista l\u00f6yd\u00e4t t\u00e4ysin remontoidut keilaradat, hohtokeilauksen, baarin ja biljardin. Meill\u00e4 my\u00f6s shuffleboard.","breadcrumb":{"@id":"https:\/\/keila.dev.modify.fi\/?page_id=310#breadcrumb"},"inLanguage":"fi","potentialAction":[{"@type":"ReadAction","target":["https:\/\/keila.dev.modify.fi\/?page_id=310"]}]},{"@type":"BreadcrumbList","@id":"https:\/\/keila.dev.modify.fi\/?page_id=310#breadcrumb","itemListElement":[{"@type":"ListItem","position":1,"name":"Home","item":"https:\/\/keila.dev.modify.fi\/"},{"@type":"ListItem","position":2,"name":"Harrastekeilailu"}]},{"@type":"WebSite","@id":"https:\/\/keila.dev.modify.fi\/#website","url":"https:\/\/keila.dev.modify.fi\/","name":"Valkeakosken Keilahalli","description":"Hohtokeilaus, baari, biljardi","publisher":{"@id":"https:\/\/keila.dev.modify.fi\/#organization"},"potentialAction":[{"@type":"SearchAction","target":{"@type":"EntryPoint","urlTemplate":"https:\/\/keila.dev.modify.fi\/?s={search_term_string}"},"query-input":{"@type":"PropertyValueSpecification","valueRequired":true,"valueName":"search_term_string"}}],"inLanguage":"fi"},{"@type":"Organization","@id":"https:\/\/keila.dev.modify.fi\/#organization","name":"Valkeakosken Keilahalli","url":"https:\/\/keila.dev.modify.fi\/","logo":{"@type":"ImageObject","inLanguage":"fi","@id":"https:\/\/keila.dev.modify.fi\/#\/schema\/logo\/image\/","url":"https:\/\/keila.dev.modify.fi\/wp-content\/uploads\/2019\/01\/logo-web-1.png","contentUrl":"https:\/\/keila.dev.modify.fi\/wp-content\/uploads\/2019\/01\/logo-web-1.png","width":258,"height":250,"caption":"Valkeakosken Keilahalli"},"image":{"@id":"https:\/\/keila.dev.modify.fi\/#\/schema\/logo\/image\/"}}]}},"_links":{"self":[{"href":"https:\/\/keila.dev.modify.fi\/index.php?rest_route=\/wp\/v2\/pages\/310","targetHints":{"allow":["GET"]}}],"collection":[{"href":"https:\/\/keila.dev.modify.fi\/index.php?rest_route=\/wp\/v2\/pages"}],"about":[{"href":"https:\/\/keila.dev.modify.fi\/index.php?rest_route=\/wp\/v2\/types\/page"}],"author":[{"embeddable":true,"href":"https:\/\/keila.dev.modify.fi\/index.php?rest_route=\/wp\/v2\/users\/1"}],"replies":[{"embeddable":true,"href":"https:\/\/keila.dev.modify.fi\/index.php?rest_route=%2Fwp%2Fv2%2Fcomments&post=310"}],"version-history":[{"count":45,"href":"https:\/\/keila.dev.modify.fi\/index.php?rest_route=\/wp\/v2\/pages\/310\/revisions"}],"predecessor-version":[{"id":1110,"href":"https:\/\/keila.dev.modify.fi\/index.php?rest_route=\/wp\/v2\/pages\/310\/revisions\/1110"}],"wp:attachment":[{"href":"https:\/\/keila.dev.modify.fi\/index.php?rest_route=%2Fwp%2Fv2%2Fmedia&parent=310"}],"curies":[{"name":"wp","href":"https:\/\/api.w.org\/{rel}","templated":true}]}}