{"id":9,"date":"2019-01-21T12:09:07","date_gmt":"2019-01-21T10:09:07","guid":{"rendered":"https:\/\/keila.dev.modify.fi\/?page_id=9"},"modified":"2025-08-20T17:19:03","modified_gmt":"2025-08-20T14:19:03","slug":"valkeakosken-keilahalli","status":"publish","type":"page","link":"https:\/\/keila.dev.modify.fi\/","title":{"rendered":"Etusivu"},"content":{"rendered":"<p>[et_pb_section fb_built=&#8221;1&#8243; fullwidth=&#8221;on&#8221; _builder_version=&#8221;4.16&#8243; global_colors_info=&#8221;{}&#8221;][et_pb_fullwidth_header text_orientation=&#8221;center&#8221; _builder_version=&#8221;4.16&#8243; title_font=&#8221;Anton||||||||&#8221; title_text_color=&#8221;#ffffff&#8221; title_font_size=&#8221;33px&#8221; background_enable_color=&#8221;off&#8221; background_image=&#8221;https:\/\/keila.dev.modify.fi\/wp-content\/uploads\/2019\/10\/etusivu.jpg&#8221; background_size=&#8221;initial&#8221; custom_padding=&#8221;100px||100px&#8221; background_last_edited=&#8221;on|desktop&#8221; global_colors_info=&#8221;{}&#8221; background__hover_enabled=&#8221;on&#8221;]<\/p>\n<p>&nbsp;<\/p>\n<p>&nbsp;<\/p>\n<p>&nbsp;<\/p>\n<p>&nbsp;<\/p>\n<p>&nbsp;<\/p>\n<p>&nbsp;<\/p>\n<h1>\u00a0<\/h1>\n<h1 style=\"text-align: center;\"><strong>TERVETULOA VALKEAKOSKEN KEILAHALLIIN!<\/strong><\/h1>\n<p>&nbsp;<\/p>\n<p>&nbsp;<\/p>\n<p>&nbsp;<\/p>\n<p>&nbsp;<\/p>\n<p>&nbsp;<\/p>\n<p>[\/et_pb_fullwidth_header][\/et_pb_section][et_pb_section fb_built=&#8221;1&#8243; _builder_version=&#8221;4.16&#8243; global_colors_info=&#8221;{}&#8221;][et_pb_row _builder_version=&#8221;4.16&#8243; custom_margin=&#8221;||0px&#8221; custom_padding=&#8221;27px|0px|0px|0px|false|false&#8221; global_colors_info=&#8221;{}&#8221;][et_pb_column type=&#8221;4_4&#8243; _builder_version=&#8221;4.16&#8243; custom_padding=&#8221;|||&#8221; global_colors_info=&#8221;{}&#8221; custom_padding__hover=&#8221;|||&#8221;][et_pb_text _builder_version=&#8221;4.27.2&#8243; inline_fonts=&#8221;Trebuchet,Asap Condensed,Bokor,Bonbon,Boogaloo,Bowlby One,Brawler,Bree Serif,Bubblegum Sans,Bubbler One,Buda,Buenard,Bungee,Bungee Hairline,Bungee Inline,Arvo,Artifika,Arsenal,Armata&#8221; global_colors_info=&#8221;{}&#8221;]<\/p>\n<h1 style=\"text-align: center;\"><span style=\"color: #000000;\"><strong><span style=\"font-family: 'Asap Condensed';\">\u00a0<\/span><\/strong><\/span><\/h1>\n<h2 style=\"text-align: center;\"><strong style=\"color: #a31111;\"><span style=\"font-family: 'Asap Condensed';\">Meill\u00e4 p\u00e4\u00e4seet keilaamaan, pelaamaan biljardia, shuffleboardia, ilmakiekkoa, kuplal\u00e4tk\u00e4\u00e4 sek\u00e4 dartsia!<\/span><\/strong><\/h2>\n<h2 style=\"text-align: center;\"><span style=\"color: #a31111;\"><strong><span style=\"font-family: 'Asap Condensed';\">Meilt\u00e4 l\u00f6yd\u00e4t my\u00f6s Full Swing -golfsimulaattorin ja kes\u00e4isin 18 rataisen minigolfin ja aurinkoterassin!<\/span><\/strong><\/span><\/h2>\n<h2 style=\"text-align: center;\"><span style=\"color: #a31111;\"><strong><span style=\"font-family: 'Asap Condensed';\">Tule ja viihdy!<\/span><\/strong><\/span><\/h2>\n<h3 style=\"text-align: center;\"><strong><span style=\"font-family: 'Asap Condensed';\">Alta l\u00f6yd\u00e4t aukioloaikamme ja nettivarauskalenterin.<\/span><\/strong><\/h3>\n<p>[\/et_pb_text][\/et_pb_column][\/et_pb_row][et_pb_row column_structure=&#8221;1_4,1_4,1_4,1_4&#8243; _builder_version=&#8221;4.16&#8243; global_colors_info=&#8221;{}&#8221;][et_pb_column type=&#8221;1_4&#8243; _builder_version=&#8221;4.16&#8243; global_colors_info=&#8221;{}&#8221;][\/et_pb_column][et_pb_column type=&#8221;1_4&#8243; _builder_version=&#8221;4.16&#8243; global_colors_info=&#8221;{}&#8221;][et_pb_button button_url=&#8221;https:\/\/vkalenteri.net\/valkeakoskenkeilahalli\/public.php?page=1&#8243; url_new_window=&#8221;on&#8221; button_text=&#8221;VARAA RATA&#8221; button_alignment=&#8221;center&#8221; admin_label=&#8221;Varaa rata&#8221; _builder_version=&#8221;4.16&#8243; custom_button=&#8221;on&#8221; button_text_color=&#8221;#ffffff&#8221; button_bg_color=&#8221;#a31111&#8243; button_font=&#8221;||||||||&#8221; global_colors_info=&#8221;{}&#8221;][\/et_pb_button][\/et_pb_column][et_pb_column type=&#8221;1_4&#8243; _builder_version=&#8221;4.16&#8243; global_colors_info=&#8221;{}&#8221;][et_pb_button button_url=&#8221;https:\/\/keila.dev.modify.fi\/hinnasto\/&#8221; button_text=&#8221;HINNASTO&#8221; button_alignment=&#8221;center&#8221; admin_label=&#8221;Hinnasto&#8221; _builder_version=&#8221;4.16&#8243; custom_button=&#8221;on&#8221; button_text_color=&#8221;#ffffff&#8221; button_bg_color=&#8221;#a31111&#8243; button_font=&#8221;||||||||&#8221; global_colors_info=&#8221;{}&#8221;][\/et_pb_button][\/et_pb_column][et_pb_column type=&#8221;1_4&#8243; _builder_version=&#8221;4.16&#8243; global_colors_info=&#8221;{}&#8221;][\/et_pb_column][\/et_pb_row][\/et_pb_section][et_pb_section fb_built=&#8221;1&#8243; _builder_version=&#8221;4.16&#8243; global_colors_info=&#8221;{}&#8221;][et_pb_row column_structure=&#8221;1_2,1_2&#8243; _builder_version=&#8221;4.16&#8243; global_colors_info=&#8221;{}&#8221;][et_pb_column type=&#8221;1_2&#8243; _builder_version=&#8221;4.16&#8243; custom_padding=&#8221;|||&#8221; global_colors_info=&#8221;{}&#8221; custom_padding__hover=&#8221;|||&#8221;][et_pb_text admin_label=&#8221;Aukioloajat&#8221; _builder_version=&#8221;4.16&#8243; header_font=&#8221;Alegreya Sans||||||||&#8221; inline_fonts=&#8221;Anton&#8221; global_colors_info=&#8221;{}&#8221;]<\/p>\n<h2><span style=\"font-family: Anton; font-weight: normal;\">Aukioloajat<\/span><\/h2>\n<p>[\/et_pb_text][et_pb_text _builder_version=&#8221;4.27.4&#8243; hover_enabled=&#8221;0&#8243; global_colors_info=&#8221;{}&#8221; sticky_enabled=&#8221;0&#8243;]<\/p>\n<blockquote>\n<ul>\n<li>Keitti\u00f6 menee kiinni 60min ennen sulkemista, anniskelu p\u00e4\u00e4ttyy 15min ennen sulkemista.<\/li>\n<\/ul>\n<\/blockquote>\n<p>Aukioloajat 19.8.2025 alkaen<\/p>\n<table style=\"width: 394px; height: 161px;\">\n<tbody>\n<tr style=\"height: 23px;\">\n<td style=\"width: 83.5625px; height: 23px;\"><strong>Maanantai<\/strong><\/td>\n<td style=\"width: 294.438px; height: 23px;\">klo 10-19<\/td>\n<\/tr>\n<tr style=\"height: 23px;\">\n<td style=\"width: 83.5625px; height: 23px;\"><strong>Tiistai<\/strong><\/td>\n<td style=\"width: 294.438px; height: 23px;\">klo 14-21<\/td>\n<\/tr>\n<tr style=\"height: 23px;\">\n<td style=\"width: 83.5625px; height: 23px;\"><strong>Keskiviikko<\/strong><\/td>\n<td style=\"width: 294.438px; height: 23px;\">klo 14-20<\/td>\n<\/tr>\n<tr style=\"height: 23px;\">\n<td style=\"width: 83.5625px; height: 23px;\"><strong>Torstai<\/strong><\/td>\n<td style=\"width: 294.438px; height: 23px;\">klo 14-20<\/td>\n<\/tr>\n<tr style=\"height: 23px;\">\n<td style=\"width: 83.5625px; height: 23px;\"><strong>Perjantai<\/strong><\/td>\n<td style=\"width: 294.438px; height: 23px;\">klo 10-22, hohtokeilaus klo 17-22<\/td>\n<\/tr>\n<tr style=\"height: 23px;\">\n<td style=\"width: 83.5625px; height: 23px;\"><strong>Lauantai<\/strong><\/td>\n<td style=\"width: 294.438px; height: 23px;\">klo 13-20, hohtokeilaus klo 17-20<\/td>\n<\/tr>\n<tr style=\"height: 23px;\">\n<td style=\"width: 83.5625px; height: 23px;\"><strong>Sunnuntai<\/strong><\/td>\n<td style=\"width: 294.438px; height: 23px;\">klo 12-17(huom! 24.8. ja 31.8. viel\u00e4 suljettu)<\/td>\n<\/tr>\n<\/tbody>\n<\/table>\n<p>Muut ajat sopimuksen mukaan.<\/p>\n<p>Mik\u00e4li viimeiselle tunnille ei ole varauksia, pid\u00e4t\u00e4mme oikeuden sulkea aikaisemmin(1h).<\/p>\n<p>[\/et_pb_text][\/et_pb_column][et_pb_column type=&#8221;1_2&#8243; _builder_version=&#8221;4.16&#8243; custom_padding=&#8221;|||&#8221; global_colors_info=&#8221;{}&#8221; custom_padding__hover=&#8221;|||&#8221;][et_pb_text _builder_version=&#8221;4.16&#8243; global_colors_info=&#8221;{}&#8221;]<\/p>\n<h2><span style=\"font-family: Anton;\">Uutiset<\/span><\/h2>\n<p>[\/et_pb_text][et_pb_blog posts_number=&#8221;3&#8243; include_categories=&#8221;all&#8221; meta_date=&#8221;d.m.Y&#8221; use_manual_excerpt=&#8221;off&#8221; excerpt_length=&#8221;0&#8243; show_author=&#8221;off&#8221; show_categories=&#8221;off&#8221; show_pagination=&#8221;off&#8221; _builder_version=&#8221;4.16&#8243; meta_font=&#8221;||||||||&#8221; global_colors_info=&#8221;{}&#8221;][\/et_pb_blog][\/et_pb_column][\/et_pb_row][et_pb_row column_structure=&#8221;3_5,2_5&#8243; _builder_version=&#8221;4.16&#8243; global_colors_info=&#8221;{}&#8221;][et_pb_column type=&#8221;3_5&#8243; _builder_version=&#8221;4.16&#8243; custom_padding=&#8221;|||&#8221; global_colors_info=&#8221;{}&#8221; custom_padding__hover=&#8221;|||&#8221;][et_pb_text _builder_version=&#8221;4.16&#8243; global_colors_info=&#8221;{}&#8221;]<\/p>\n<h2>Varauskalenteri<\/h2>\n<p>HUOM! Radat 7-12 ovat r\u00e4nniesteill\u00e4 varustettuja ja n\u00e4in ollen lapsiyst\u00e4v\u00e4llisi\u00e4.<\/p>\n<p>[\/et_pb_text][et_pb_text disabled_on=&#8221;off|on|on&#8221; _builder_version=&#8221;4.16&#8243; global_colors_info=&#8221;{}&#8221;]<\/p>\n<p><a href=\"https:\/\/vkalenteri.net\/valkeakoskenkeilahalli\/public.php?page=1\" target=\"_blank\" rel=\"noopener noreferrer\">Avaa varauskalenteri t\u00e4st\u00e4<\/a>.<\/p>\n<p>[\/et_pb_text][et_pb_code disabled_on=&#8221;on|off|off&#8221; _builder_version=&#8221;4.16&#8243; global_colors_info=&#8221;{}&#8221;]<iframe loading=\"lazy\" id=\"vkalenteri-iframe\" style=\"border: none;\" src=\"https:\/\/vkalenteri.net\/valkeakoskenkeilahalli\/iframe.php?page=1&#038;color=0\" width=\"542\" height=\"210\"><\/iframe> [\/et_pb_code][\/et_pb_column][et_pb_column type=&#8221;2_5&#8243; _builder_version=&#8221;4.16&#8243; custom_padding=&#8221;|||&#8221; global_colors_info=&#8221;{}&#8221; custom_padding__hover=&#8221;|||&#8221;][et_pb_code _builder_version=&#8221;4.16&#8243; global_colors_info=&#8221;{}&#8221;]<\/p>\n<div class=\"fb-page\" data-href=\"https:\/\/www.facebook.com\/Valkeakosken-Keilahalli-281244068578056\/\" data-tabs=\"timeline\" data-width=\"\" data-height=\"\" data-small-header=\"false\" data-adapt-container-width=\"true\" data-hide-cover=\"false\" data-show-facepile=\"false\">\n<blockquote cite=\"https:\/\/www.facebook.com\/Valkeakosken-Keilahalli-281244068578056\/\" class=\"fb-xfbml-parse-ignore\"><p><a href=\"https:\/\/www.facebook.com\/Valkeakosken-Keilahalli-281244068578056\/\">Valkeakosken Keilahalli<\/a><\/p><\/blockquote>\n<\/div>\n<p>[\/et_pb_code][\/et_pb_column][\/et_pb_row][\/et_pb_section]<\/p>\n","protected":false},"excerpt":{"rendered":"<p>&nbsp; &nbsp; &nbsp; &nbsp; &nbsp; &nbsp; \u00a0 TERVETULOA VALKEAKOSKEN KEILAHALLIIN! &nbsp; &nbsp; &nbsp; &nbsp; &nbsp;\u00a0 Meill\u00e4 p\u00e4\u00e4seet keilaamaan, pelaamaan biljardia, shuffleboardia, ilmakiekkoa, kuplal\u00e4tk\u00e4\u00e4 sek\u00e4 dartsia! Meilt\u00e4 l\u00f6yd\u00e4t my\u00f6s Full Swing -golfsimulaattorin ja kes\u00e4isin 18 rataisen minigolfin ja aurinkoterassin! Tule ja viihdy! Alta l\u00f6yd\u00e4t aukioloaikamme ja nettivarauskalenterin.Aukioloajat Keitti\u00f6 menee kiinni 60min ennen sulkemista, anniskelu p\u00e4\u00e4ttyy 15min [&hellip;]<\/p>\n","protected":false},"author":1,"featured_media":0,"parent":0,"menu_order":0,"comment_status":"closed","ping_status":"closed","template":"","meta":{"_et_pb_use_builder":"on","_et_pb_old_content":"","_et_gb_content_width":"","footnotes":""},"class_list":["post-9","page","type-page","status-publish","hentry"],"yoast_head":"<!-- This site is optimized with the Yoast SEO plugin v26.2 - https:\/\/yoast.com\/wordpress\/plugins\/seo\/ -->\n<title>Valkeakosken Keilahalli - Hohtokeilaus, baari, biljardi, shuffleboard<\/title>\n<meta name=\"description\" content=\"Valkeakosken Keilahallista eli Walhallista l\u00f6yd\u00e4t t\u00e4ysin remontoidut keilaradat, hohtokeilauksen, baarin ja biljardin. Meill\u00e4 my\u00f6s shuffleboard.\" \/>\n<meta name=\"robots\" content=\"index, follow, max-snippet:-1, max-image-preview:large, max-video-preview:-1\" \/>\n<link rel=\"canonical\" href=\"https:\/\/keila.dev.modify.fi\/\" \/>\n<meta property=\"og:locale\" content=\"fi_FI\" \/>\n<meta property=\"og:type\" content=\"article\" \/>\n<meta property=\"og:title\" content=\"Valkeakosken Keilahalli - Hohtokeilaus, baari, biljardi, shuffleboard\" \/>\n<meta property=\"og:description\" content=\"Valkeakosken Keilahallista eli Walhallista l\u00f6yd\u00e4t t\u00e4ysin remontoidut keilaradat, hohtokeilauksen, baarin ja biljardin. Meill\u00e4 my\u00f6s shuffleboard.\" \/>\n<meta property=\"og:url\" content=\"https:\/\/keila.dev.modify.fi\/\" \/>\n<meta property=\"og:site_name\" content=\"Valkeakosken Keilahalli\" \/>\n<meta property=\"article:modified_time\" content=\"2025-08-20T14:19:03+00:00\" \/>\n<meta name=\"twitter:card\" content=\"summary_large_image\" \/>\n<meta name=\"twitter:label1\" content=\"Arvioitu lukuaika\" \/>\n\t<meta name=\"twitter:data1\" content=\"1 minuutti\" \/>\n<script type=\"application\/ld+json\" class=\"yoast-schema-graph\">{\"@context\":\"https:\/\/schema.org\",\"@graph\":[{\"@type\":\"WebPage\",\"@id\":\"https:\/\/keila.dev.modify.fi\/\",\"url\":\"https:\/\/keila.dev.modify.fi\/\",\"name\":\"Valkeakosken Keilahalli - Hohtokeilaus, baari, biljardi, shuffleboard\",\"isPartOf\":{\"@id\":\"https:\/\/keila.dev.modify.fi\/#website\"},\"datePublished\":\"2019-01-21T10:09:07+00:00\",\"dateModified\":\"2025-08-20T14:19:03+00:00\",\"description\":\"Valkeakosken Keilahallista eli Walhallista l\u00f6yd\u00e4t t\u00e4ysin remontoidut keilaradat, hohtokeilauksen, baarin ja biljardin. Meill\u00e4 my\u00f6s shuffleboard.\",\"breadcrumb\":{\"@id\":\"https:\/\/keila.dev.modify.fi\/#breadcrumb\"},\"inLanguage\":\"fi\",\"potentialAction\":[{\"@type\":\"ReadAction\",\"target\":[\"https:\/\/keila.dev.modify.fi\/\"]}]},{\"@type\":\"BreadcrumbList\",\"@id\":\"https:\/\/keila.dev.modify.fi\/#breadcrumb\",\"itemListElement\":[{\"@type\":\"ListItem\",\"position\":1,\"name\":\"Home\",\"item\":\"https:\/\/keila.dev.modify.fi\/\"},{\"@type\":\"ListItem\",\"position\":2,\"name\":\"Etusivu\"}]},{\"@type\":\"WebSite\",\"@id\":\"https:\/\/keila.dev.modify.fi\/#website\",\"url\":\"https:\/\/keila.dev.modify.fi\/\",\"name\":\"Valkeakosken Keilahalli\",\"description\":\"Hohtokeilaus, baari, biljardi\",\"publisher\":{\"@id\":\"https:\/\/keila.dev.modify.fi\/#organization\"},\"potentialAction\":[{\"@type\":\"SearchAction\",\"target\":{\"@type\":\"EntryPoint\",\"urlTemplate\":\"https:\/\/keila.dev.modify.fi\/?s={search_term_string}\"},\"query-input\":{\"@type\":\"PropertyValueSpecification\",\"valueRequired\":true,\"valueName\":\"search_term_string\"}}],\"inLanguage\":\"fi\"},{\"@type\":\"Organization\",\"@id\":\"https:\/\/keila.dev.modify.fi\/#organization\",\"name\":\"Valkeakosken Keilahalli\",\"url\":\"https:\/\/keila.dev.modify.fi\/\",\"logo\":{\"@type\":\"ImageObject\",\"inLanguage\":\"fi\",\"@id\":\"https:\/\/keila.dev.modify.fi\/#\/schema\/logo\/image\/\",\"url\":\"https:\/\/keila.dev.modify.fi\/wp-content\/uploads\/2019\/01\/logo-web-1.png\",\"contentUrl\":\"https:\/\/keila.dev.modify.fi\/wp-content\/uploads\/2019\/01\/logo-web-1.png\",\"width\":258,\"height\":250,\"caption\":\"Valkeakosken Keilahalli\"},\"image\":{\"@id\":\"https:\/\/keila.dev.modify.fi\/#\/schema\/logo\/image\/\"}}]}<\/script>\n<!-- \/ Yoast SEO plugin. -->","yoast_head_json":{"title":"Valkeakosken Keilahalli - Hohtokeilaus, baari, biljardi, shuffleboard","description":"Valkeakosken Keilahallista eli Walhallista l\u00f6yd\u00e4t t\u00e4ysin remontoidut keilaradat, hohtokeilauksen, baarin ja biljardin. Meill\u00e4 my\u00f6s shuffleboard.","robots":{"index":"index","follow":"follow","max-snippet":"max-snippet:-1","max-image-preview":"max-image-preview:large","max-video-preview":"max-video-preview:-1"},"canonical":"https:\/\/keila.dev.modify.fi\/","og_locale":"fi_FI","og_type":"article","og_title":"Valkeakosken Keilahalli - Hohtokeilaus, baari, biljardi, shuffleboard","og_description":"Valkeakosken Keilahallista eli Walhallista l\u00f6yd\u00e4t t\u00e4ysin remontoidut keilaradat, hohtokeilauksen, baarin ja biljardin. Meill\u00e4 my\u00f6s shuffleboard.","og_url":"https:\/\/keila.dev.modify.fi\/","og_site_name":"Valkeakosken Keilahalli","article_modified_time":"2025-08-20T14:19:03+00:00","twitter_card":"summary_large_image","twitter_misc":{"Arvioitu lukuaika":"1 minuutti"},"schema":{"@context":"https:\/\/schema.org","@graph":[{"@type":"WebPage","@id":"https:\/\/keila.dev.modify.fi\/","url":"https:\/\/keila.dev.modify.fi\/","name":"Valkeakosken Keilahalli - Hohtokeilaus, baari, biljardi, shuffleboard","isPartOf":{"@id":"https:\/\/keila.dev.modify.fi\/#website"},"datePublished":"2019-01-21T10:09:07+00:00","dateModified":"2025-08-20T14:19:03+00:00","description":"Valkeakosken Keilahallista eli Walhallista l\u00f6yd\u00e4t t\u00e4ysin remontoidut keilaradat, hohtokeilauksen, baarin ja biljardin. Meill\u00e4 my\u00f6s shuffleboard.","breadcrumb":{"@id":"https:\/\/keila.dev.modify.fi\/#breadcrumb"},"inLanguage":"fi","potentialAction":[{"@type":"ReadAction","target":["https:\/\/keila.dev.modify.fi\/"]}]},{"@type":"BreadcrumbList","@id":"https:\/\/keila.dev.modify.fi\/#breadcrumb","itemListElement":[{"@type":"ListItem","position":1,"name":"Home","item":"https:\/\/keila.dev.modify.fi\/"},{"@type":"ListItem","position":2,"name":"Etusivu"}]},{"@type":"WebSite","@id":"https:\/\/keila.dev.modify.fi\/#website","url":"https:\/\/keila.dev.modify.fi\/","name":"Valkeakosken Keilahalli","description":"Hohtokeilaus, baari, biljardi","publisher":{"@id":"https:\/\/keila.dev.modify.fi\/#organization"},"potentialAction":[{"@type":"SearchAction","target":{"@type":"EntryPoint","urlTemplate":"https:\/\/keila.dev.modify.fi\/?s={search_term_string}"},"query-input":{"@type":"PropertyValueSpecification","valueRequired":true,"valueName":"search_term_string"}}],"inLanguage":"fi"},{"@type":"Organization","@id":"https:\/\/keila.dev.modify.fi\/#organization","name":"Valkeakosken Keilahalli","url":"https:\/\/keila.dev.modify.fi\/","logo":{"@type":"ImageObject","inLanguage":"fi","@id":"https:\/\/keila.dev.modify.fi\/#\/schema\/logo\/image\/","url":"https:\/\/keila.dev.modify.fi\/wp-content\/uploads\/2019\/01\/logo-web-1.png","contentUrl":"https:\/\/keila.dev.modify.fi\/wp-content\/uploads\/2019\/01\/logo-web-1.png","width":258,"height":250,"caption":"Valkeakosken Keilahalli"},"image":{"@id":"https:\/\/keila.dev.modify.fi\/#\/schema\/logo\/image\/"}}]}},"_links":{"self":[{"href":"https:\/\/keila.dev.modify.fi\/index.php?rest_route=\/wp\/v2\/pages\/9","targetHints":{"allow":["GET"]}}],"collection":[{"href":"https:\/\/keila.dev.modify.fi\/index.php?rest_route=\/wp\/v2\/pages"}],"about":[{"href":"https:\/\/keila.dev.modify.fi\/index.php?rest_route=\/wp\/v2\/types\/page"}],"author":[{"embeddable":true,"href":"https:\/\/keila.dev.modify.fi\/index.php?rest_route=\/wp\/v2\/users\/1"}],"replies":[{"embeddable":true,"href":"https:\/\/keila.dev.modify.fi\/index.php?rest_route=%2Fwp%2Fv2%2Fcomments&post=9"}],"version-history":[{"count":120,"href":"https:\/\/keila.dev.modify.fi\/index.php?rest_route=\/wp\/v2\/pages\/9\/revisions"}],"predecessor-version":[{"id":1301,"href":"https:\/\/keila.dev.modify.fi\/index.php?rest_route=\/wp\/v2\/pages\/9\/revisions\/1301"}],"wp:attachment":[{"href":"https:\/\/keila.dev.modify.fi\/index.php?rest_route=%2Fwp%2Fv2%2Fmedia&parent=9"}],"curies":[{"name":"wp","href":"https:\/\/api.w.org\/{rel}","templated":true}]}}